{"id":511,"date":"2022-04-26T13:29:10","date_gmt":"2022-04-26T13:29:10","guid":{"rendered":"https:\/\/franck-handskills.nl\/fachleute-caras-behandlungskonzept\/"},"modified":"2025-03-05T14:46:39","modified_gmt":"2025-03-05T14:46:39","slug":"fachleute-caras-behandlungskonzept","status":"publish","type":"page","link":"https:\/\/franck-handskills.nl\/de\/fachleute\/fachleute-caras-behandlungskonzept\/","title":{"rendered":"Fachleute | CARAS Behandlungskonzept"},"content":{"rendered":"[vc_row type=&#8220;full_width_background&#8220; full_screen_row_position=&#8220;middle&#8220; column_margin=&#8220;default&#8220; equal_height=&#8220;yes&#8220; content_placement=&#8220;middle&#8220; column_direction=&#8220;default&#8220; column_direction_tablet=&#8220;default&#8220; column_direction_phone=&#8220;default&#8220; scene_position=&#8220;center&#8220; top_padding=&#8220;2%&#8220; bottom_padding=&#8220;2%&#8220; text_color=&#8220;dark&#8220; text_align=&#8220;left&#8220; row_border_radius=&#8220;none&#8220; row_border_radius_applies=&#8220;bg&#8220; overflow=&#8220;visible&#8220; id=&#8220;more&#8220; advanced_gradient_angle=&#8220;0&#8243; overlay_strength=&#8220;0.3&#8243; gradient_direction=&#8220;left_to_right&#8220; shape_divider_position=&#8220;bottom&#8220; bg_image_animation=&#8220;none&#8220; shape_type=&#8220;&#8220; gradient_type=&#8220;default&#8220;][vc_column column_padding=&#8220;padding-2-percent&#8220; column_padding_tablet=&#8220;inherit&#8220; column_padding_phone=&#8220;inherit&#8220; column_padding_position=&#8220;right&#8220; column_element_spacing=&#8220;default&#8220; background_color_opacity=&#8220;1&#8243; background_hover_color_opacity=&#8220;1&#8243; column_shadow=&#8220;none&#8220; column_border_radius=&#8220;none&#8220; column_link_target=&#8220;_self&#8220; column_position=&#8220;default&#8220; gradient_direction=&#8220;left_to_right&#8220; overlay_strength=&#8220;0.3&#8243; width=&#8220;1\/1&#8243; tablet_width_inherit=&#8220;default&#8220; tablet_text_alignment=&#8220;default&#8220; phone_text_alignment=&#8220;default&#8220; animation_type=&#8220;default&#8220; bg_image_animation=&#8220;none&#8220; border_type=&#8220;simple&#8220; column_border_width=&#8220;none&#8220; column_border_style=&#8220;solid&#8220;][vc_column_text]\n<h2>Was ist die beste Behandlung f\u00fcr Arm- und Handprobleme nach einem CVA?<\/h2>\n<p>Diese Frage ist nicht leicht zu beantworten. In der Tat ist der Ansatz von Institution zu Institution sehr unterschiedlich. Andererseits kennen wir die Vorteile einer einheitlichen Arbeitsweise. Eine einheitliche Arbeitsweise erleichtert nicht nur eine effiziente Kundenberatung, sondern f\u00fchrt auch zu einer schnelleren Optimierung der Behandlungen. Au\u00dferdem verbessert es die Kommunikation mit dem Kunden und \u00fcber den Kunden zwischen verschiedenen Disziplinen und Agenturen.<\/p>\n<p>Die folgenden Faktoren k\u00f6nnen die (Re-)Organisation der Ausbildung von Waffenbesitzern innerhalb der eigenen Institution behindern:<\/p>\n<ul>\n<li>Die Heterogenit\u00e4t von Arm\/-Hand-Problemen.<\/li>\n<li>Die rasante Entwicklung des neurologischen Wissens und damit die Entwicklung des Verst\u00e4ndnisses f\u00fcr die Prinzipien der Genesung und Behandlung.<\/li>\n<li>Die rasante Entwicklung von Techniken, die bei der Behandlung eingesetzt werden k\u00f6nnen, einschlie\u00dflich Hightech-Handorthesen, Elektrostimulation, Robotik und <em>Serious Gaming<\/em>.<\/li>\n<li>Die zunehmende Notwendigkeit, kundenorientiert und gleichzeitig einheitlich zu sein.<\/li>\n<\/ul>\n<p>&nbsp;<\/p>\n<h2>CARAS-Behandlungskonzept f\u00fcr die Arm-\/Hand-Rehabilitation nach CVA<\/h2>\n<p>CARAS (Concise Arm and hand Rehabilitation Approach in Stroke) ist ein entwickeltes Behandlungskonzept f\u00fcr die Rehabilitation von Arm und Hand nach einem Schlaganfall. Der sowohl <em>evidenzbasierte<\/em> als auch praktische Ansatz ber\u00fccksichtigt die oben genannten Faktoren und erm\u00f6glicht es Physiotherapeuten und Ergotherapeuten, ihre Behandlung weiter zu optimieren. <u>Dr. Han Franck<\/u>, Inhaber von Franck Handskills, Ergotherapeut und Forscher und Entwickler dieses Behandlungskonzepts, h\u00e4lt regelm\u00e4\u00dfig CARAS-Schulungen und Vortr\u00e4ge.<\/p>\n<p>&nbsp;<\/p>\n<h3>Armschulung mit CARAS<\/h3>\n[\/vc_column_text][nectar_btn size=&#8220;medium&#8220; button_style=&#8220;regular&#8220; button_color_2=&#8220;Extra-Color-2&#8243; icon_family=&#8220;none&#8220; text=&#8220;Jetzt einen Termin vereinbaren&#8220; url=&#8220;\/de\/kontakt\/&#8220; margin_right=&#8220;25&#8243;][divider line_type=&#8220;No Line&#8220; custom_height=&#8220;50&#8243;][vc_column_text]\n<h3>Finden Sie heraus, ob CARAS zu Ihrer Praxis oder Einrichtung passt<\/h3>\n<p>Lesen Sie die Artikel und Ver\u00f6ffentlichungen, um sich einen \u00dcberblick zu verschaffen.[\/vc_column_text][nectar_btn size=&#8220;medium&#8220; button_style=&#8220;regular&#8220; button_color_2=&#8220;Extra-Color-2&#8243; icon_family=&#8220;none&#8220; text=&#8220;Artikel und Ver\u00f6ffentlichungen&#8220; url=&#8220;\/franckhandskills-nl-professionals-artikelen-en-publicaties\/&#8220; margin_right=&#8220;25&#8243;][\/vc_column][\/vc_row]\n","protected":false},"excerpt":{"rendered":"<p>[vc_row type=&#8220;full_width_background&#8220; full_screen_row_position=&#8220;middle&#8220; column_margin=&#8220;default&#8220; equal_height=&#8220;yes&#8220; content_placement=&#8220;middle&#8220; column_direction=&#8220;default&#8220; column_direction_tablet=&#8220;default&#8220; column_direction_phone=&#8220;default&#8220; scene_position=&#8220;center&#8220; top_padding=&#8220;2%&#8220; bottom_padding=&#8220;2%&#8220; text_color=&#8220;dark&#8220; text_align=&#8220;left&#8220; row_border_radius=&#8220;none&#8220; row_border_radius_applies=&#8220;bg&#8220; overflow=&#8220;visible&#8220; id=&#8220;more&#8220; advanced_gradient_angle=&#8220;0&#8243; overlay_strength=&#8220;0.3&#8243; gradient_direction=&#8220;left_to_right&#8220; shape_divider_position=&#8220;bottom&#8220; bg_image_animation=&#8220;none&#8220; shape_type=&#8220;&#8220; gradient_type=&#8220;default&#8220;][vc_column column_padding=&#8220;padding-2-percent&#8220; column_padding_tablet=&#8220;inherit&#8220; column_padding_phone=&#8220;inherit&#8220; column_padding_position=&#8220;right&#8220; column_element_spacing=&#8220;default&#8220;&#8230;<\/p>\n","protected":false},"author":1,"featured_media":0,"parent":544,"menu_order":0,"comment_status":"closed","ping_status":"closed","template":"","meta":{"footnotes":""},"class_list":["post-511","page","type-page","status-publish"],"yoast_head":"<!-- This site is optimized with the Yoast SEO plugin v27.3 - https:\/\/yoast.com\/product\/yoast-seo-wordpress\/ -->\n<title>CARAS Behandlungskonzept f\u00fcr die Arm-Hand-Rehabilitation nach CVA | Franck Handskills<\/title>\n<meta name=\"description\" content=\"Franck Handskills: Schulungen zur Organisation und\/oder Optimierung der Arm-Hand-Rehabilitation in Ihrer eigenen Praxis oder Einrichtung.CARAS: ein evidenzbasiertes Behandlungskonzept mit praktischem Ansatz f\u00fcr die Arm-Hand-Rehabilitation nach einem CVA.\" \/>\n<meta name=\"robots\" content=\"index, follow, max-snippet:-1, max-image-preview:large, max-video-preview:-1\" \/>\n<link rel=\"canonical\" href=\"https:\/\/franck-handskills.nl\/de\/fachleute\/fachleute-caras-behandlungskonzept\/\" \/>\n<meta property=\"og:locale\" content=\"de_DE\" \/>\n<meta property=\"og:type\" content=\"article\" \/>\n<meta property=\"og:title\" content=\"CARAS Behandlungskonzept f\u00fcr die Arm-Hand-Rehabilitation nach CVA | Franck Handskills\" \/>\n<meta property=\"og:description\" content=\"Franck Handskills: Schulungen zur Organisation und\/oder Optimierung der Arm-Hand-Rehabilitation in Ihrer eigenen Praxis oder Einrichtung.CARAS: ein evidenzbasiertes Behandlungskonzept mit praktischem Ansatz f\u00fcr die Arm-Hand-Rehabilitation nach einem CVA.\" \/>\n<meta property=\"og:url\" content=\"https:\/\/franck-handskills.nl\/de\/fachleute\/fachleute-caras-behandlungskonzept\/\" \/>\n<meta property=\"og:site_name\" content=\"Franck Handskills\" \/>\n<meta property=\"article:modified_time\" content=\"2025-03-05T14:46:39+00:00\" \/>\n<meta name=\"twitter:card\" content=\"summary_large_image\" \/>\n<meta name=\"twitter:label1\" content=\"Gesch\u00e4tzte Lesezeit\" \/>\n\t<meta name=\"twitter:data1\" content=\"2\u00a0Minuten\" \/>\n<script type=\"application\/ld+json\" class=\"yoast-schema-graph\">{\"@context\":\"https:\\\/\\\/schema.org\",\"@graph\":[{\"@type\":\"WebPage\",\"@id\":\"https:\\\/\\\/franck-handskills.nl\\\/de\\\/fachleute\\\/fachleute-caras-behandlungskonzept\\\/\",\"url\":\"https:\\\/\\\/franck-handskills.nl\\\/de\\\/fachleute\\\/fachleute-caras-behandlungskonzept\\\/\",\"name\":\"CARAS Behandlungskonzept f\u00fcr die Arm-Hand-Rehabilitation nach CVA | Franck Handskills\",\"isPartOf\":{\"@id\":\"https:\\\/\\\/franck-handskills.nl\\\/de\\\/#website\"},\"datePublished\":\"2022-04-26T13:29:10+00:00\",\"dateModified\":\"2025-03-05T14:46:39+00:00\",\"description\":\"Franck Handskills: Schulungen zur Organisation und\\\/oder Optimierung der Arm-Hand-Rehabilitation in Ihrer eigenen Praxis oder Einrichtung.CARAS: ein evidenzbasiertes Behandlungskonzept mit praktischem Ansatz f\u00fcr die Arm-Hand-Rehabilitation nach einem CVA.\",\"breadcrumb\":{\"@id\":\"https:\\\/\\\/franck-handskills.nl\\\/de\\\/fachleute\\\/fachleute-caras-behandlungskonzept\\\/#breadcrumb\"},\"inLanguage\":\"de\",\"potentialAction\":[{\"@type\":\"ReadAction\",\"target\":[\"https:\\\/\\\/franck-handskills.nl\\\/de\\\/fachleute\\\/fachleute-caras-behandlungskonzept\\\/\"]}]},{\"@type\":\"BreadcrumbList\",\"@id\":\"https:\\\/\\\/franck-handskills.nl\\\/de\\\/fachleute\\\/fachleute-caras-behandlungskonzept\\\/#breadcrumb\",\"itemListElement\":[{\"@type\":\"ListItem\",\"position\":1,\"name\":\"Home\",\"item\":\"https:\\\/\\\/franck-handskills.nl\\\/de\\\/\"},{\"@type\":\"ListItem\",\"position\":2,\"name\":\"Fachleute\ufffc\",\"item\":\"https:\\\/\\\/franck-handskills.nl\\\/de\\\/fachleute\\\/\"},{\"@type\":\"ListItem\",\"position\":3,\"name\":\"Fachleute | CARAS Behandlungskonzept\"}]},{\"@type\":\"WebSite\",\"@id\":\"https:\\\/\\\/franck-handskills.nl\\\/de\\\/#website\",\"url\":\"https:\\\/\\\/franck-handskills.nl\\\/de\\\/\",\"name\":\"Franck Handskills\",\"description\":\"Behandlung von Arm- und Handproblemen nach einem Schlaganfall (CVA)\",\"potentialAction\":[{\"@type\":\"SearchAction\",\"target\":{\"@type\":\"EntryPoint\",\"urlTemplate\":\"https:\\\/\\\/franck-handskills.nl\\\/de\\\/?s={search_term_string}\"},\"query-input\":{\"@type\":\"PropertyValueSpecification\",\"valueRequired\":true,\"valueName\":\"search_term_string\"}}],\"inLanguage\":\"de\"}]}<\/script>\n<!-- \/ Yoast SEO plugin. -->","yoast_head_json":{"title":"CARAS Behandlungskonzept f\u00fcr die Arm-Hand-Rehabilitation nach CVA | Franck Handskills","description":"Franck Handskills: Schulungen zur Organisation und\/oder Optimierung der Arm-Hand-Rehabilitation in Ihrer eigenen Praxis oder Einrichtung.CARAS: ein evidenzbasiertes Behandlungskonzept mit praktischem Ansatz f\u00fcr die Arm-Hand-Rehabilitation nach einem CVA.","robots":{"index":"index","follow":"follow","max-snippet":"max-snippet:-1","max-image-preview":"max-image-preview:large","max-video-preview":"max-video-preview:-1"},"canonical":"https:\/\/franck-handskills.nl\/de\/fachleute\/fachleute-caras-behandlungskonzept\/","og_locale":"de_DE","og_type":"article","og_title":"CARAS Behandlungskonzept f\u00fcr die Arm-Hand-Rehabilitation nach CVA | Franck Handskills","og_description":"Franck Handskills: Schulungen zur Organisation und\/oder Optimierung der Arm-Hand-Rehabilitation in Ihrer eigenen Praxis oder Einrichtung.CARAS: ein evidenzbasiertes Behandlungskonzept mit praktischem Ansatz f\u00fcr die Arm-Hand-Rehabilitation nach einem CVA.","og_url":"https:\/\/franck-handskills.nl\/de\/fachleute\/fachleute-caras-behandlungskonzept\/","og_site_name":"Franck Handskills","article_modified_time":"2025-03-05T14:46:39+00:00","twitter_card":"summary_large_image","twitter_misc":{"Gesch\u00e4tzte Lesezeit":"2\u00a0Minuten"},"schema":{"@context":"https:\/\/schema.org","@graph":[{"@type":"WebPage","@id":"https:\/\/franck-handskills.nl\/de\/fachleute\/fachleute-caras-behandlungskonzept\/","url":"https:\/\/franck-handskills.nl\/de\/fachleute\/fachleute-caras-behandlungskonzept\/","name":"CARAS Behandlungskonzept f\u00fcr die Arm-Hand-Rehabilitation nach CVA | Franck Handskills","isPartOf":{"@id":"https:\/\/franck-handskills.nl\/de\/#website"},"datePublished":"2022-04-26T13:29:10+00:00","dateModified":"2025-03-05T14:46:39+00:00","description":"Franck Handskills: Schulungen zur Organisation und\/oder Optimierung der Arm-Hand-Rehabilitation in Ihrer eigenen Praxis oder Einrichtung.CARAS: ein evidenzbasiertes Behandlungskonzept mit praktischem Ansatz f\u00fcr die Arm-Hand-Rehabilitation nach einem CVA.","breadcrumb":{"@id":"https:\/\/franck-handskills.nl\/de\/fachleute\/fachleute-caras-behandlungskonzept\/#breadcrumb"},"inLanguage":"de","potentialAction":[{"@type":"ReadAction","target":["https:\/\/franck-handskills.nl\/de\/fachleute\/fachleute-caras-behandlungskonzept\/"]}]},{"@type":"BreadcrumbList","@id":"https:\/\/franck-handskills.nl\/de\/fachleute\/fachleute-caras-behandlungskonzept\/#breadcrumb","itemListElement":[{"@type":"ListItem","position":1,"name":"Home","item":"https:\/\/franck-handskills.nl\/de\/"},{"@type":"ListItem","position":2,"name":"Fachleute\ufffc","item":"https:\/\/franck-handskills.nl\/de\/fachleute\/"},{"@type":"ListItem","position":3,"name":"Fachleute | CARAS Behandlungskonzept"}]},{"@type":"WebSite","@id":"https:\/\/franck-handskills.nl\/de\/#website","url":"https:\/\/franck-handskills.nl\/de\/","name":"Franck Handskills","description":"Behandlung von Arm- und Handproblemen nach einem Schlaganfall (CVA)","potentialAction":[{"@type":"SearchAction","target":{"@type":"EntryPoint","urlTemplate":"https:\/\/franck-handskills.nl\/de\/?s={search_term_string}"},"query-input":{"@type":"PropertyValueSpecification","valueRequired":true,"valueName":"search_term_string"}}],"inLanguage":"de"}]}},"_links":{"self":[{"href":"https:\/\/franck-handskills.nl\/de\/wp-json\/wp\/v2\/pages\/511","targetHints":{"allow":["GET"]}}],"collection":[{"href":"https:\/\/franck-handskills.nl\/de\/wp-json\/wp\/v2\/pages"}],"about":[{"href":"https:\/\/franck-handskills.nl\/de\/wp-json\/wp\/v2\/types\/page"}],"author":[{"embeddable":true,"href":"https:\/\/franck-handskills.nl\/de\/wp-json\/wp\/v2\/users\/1"}],"replies":[{"embeddable":true,"href":"https:\/\/franck-handskills.nl\/de\/wp-json\/wp\/v2\/comments?post=511"}],"version-history":[{"count":5,"href":"https:\/\/franck-handskills.nl\/de\/wp-json\/wp\/v2\/pages\/511\/revisions"}],"predecessor-version":[{"id":618,"href":"https:\/\/franck-handskills.nl\/de\/wp-json\/wp\/v2\/pages\/511\/revisions\/618"}],"up":[{"embeddable":true,"href":"https:\/\/franck-handskills.nl\/de\/wp-json\/wp\/v2\/pages\/544"}],"wp:attachment":[{"href":"https:\/\/franck-handskills.nl\/de\/wp-json\/wp\/v2\/media?parent=511"}],"curies":[{"name":"wp","href":"https:\/\/api.w.org\/{rel}","templated":true}]}}